{"id":1384,"date":"2017-10-10T11:23:04","date_gmt":"2017-10-10T09:23:04","guid":{"rendered":"http:\/\/www.klasbachtaler.de\/wp\/?page_id=1384"},"modified":"2025-03-28T14:01:23","modified_gmt":"2025-03-28T13:01:23","slug":"ueber-uns-2","status":"publish","type":"page","link":"https:\/\/www.klasbachtaler.de\/wp\/ueber-uns-2\/","title":{"rendered":"\u00dcber uns&#8230;"},"content":{"rendered":"\n<p>Ein Orchester \u00fcber viele Generationen \u2013 das ist die \u201eKlasbachtaler Blasmusik e.V.\u201c aus Neukloster. Das Orchester blickt seit seiner Gr\u00fcndung im Jahr 1959 auf eine nunmehr \u00fcber 50j\u00e4hrige Tradition zur\u00fcck. Erkl\u00e4rtes Ziel des Vereins war und ist es, sich traditioneller Blasmusik zu widmen und sie zu pflegen. Dass hier Jung und Alt miteinander musizieren, macht dieses Orchester zu etwas ganz Besonderem. Dieses spiegelt sich auch in der Vielseitigkeit des Repertoires wider, das von B\u00f6hmischer Blasmusik \u00fcber volkst\u00fcmliche Musik aus Mecklenburg und maritimen Weisen bis hin zur Unterhaltungsmusik reicht. 2009 \u00fcbernahm der heute 35\u00e4hrige Musikp\u00e4dagoge Malte Praetorius die Leitung des Ensembles. Gemeinsam mit seinem Bruder Guido Praetorius spornt er die Musiker\/-innen mit Engagement und Herzblut f\u00fcr das B\u00f6hmisch-M\u00e4hrische zu musikalischen H\u00f6chstleistungen an. Diese Spielfreude h\u00f6rt und sieht man nicht nur, sondern spiegelt sich auch in dem beachtlichen Niveau dieses Klangk\u00f6rpers wider. Honoriert wurde dieser Einsatz 2014 mit dem Jugendkulturpreis des Landkreises Nordwestmecklenburg. Auch die Kulturpreistr\u00e4gerin 2023\/24 des Landkreises NWM Jana Rohloff ist Mitglied unseres Vereins und seit jeher Garant f\u00fcr hochqualifizierte Nachwuchsblechbl\u00e4ser\/-innen.<\/p>\n\n\n\n<p>Seit 2015 l\u00e4dt der das Ensemble regelm\u00e4\u00dfig professionelle Musiker ein, um sich coachen zu lassen.<\/p>\n\n\n\n<p>Derzeit hat das Orchester 20 aktive Musiker zwischen 14 und 78 Jahren, die in einer sogenannten Egerl\u00e4nder Besetzung mit viel Freude und Hingabe zusammenwirken.<\/p>\n\n\n\n<figure class=\"wp-block-embed is-type-video is-provider-youtube wp-block-embed-youtube wp-embed-aspect-16-9 wp-has-aspect-ratio\"><div class=\"wp-block-embed__wrapper\">\n<iframe loading=\"lazy\" title=\"Outtakes\" width=\"770\" height=\"433\" src=\"https:\/\/www.youtube.com\/embed\/0KZFGPu4RI4?feature=oembed\" frameborder=\"0\" allow=\"accelerometer; autoplay; clipboard-write; encrypted-media; gyroscope; picture-in-picture; web-share\" referrerpolicy=\"strict-origin-when-cross-origin\" allowfullscreen><\/iframe>\n<\/div><\/figure>\n\n\n\n<figure class=\"wp-block-gallery has-nested-images columns-default is-cropped wp-block-gallery-1 is-layout-flex wp-block-gallery-is-layout-flex\">\n<figure class=\"wp-block-image size-large\"><img loading=\"lazy\" decoding=\"async\" width=\"2560\" height=\"1706\" data-id=\"1937\" src=\"https:\/\/www.klasbachtaler.de\/wp\/wp-content\/uploads\/2023\/03\/2-150-scaled.jpg\" alt=\"\" class=\"wp-image-1937\" srcset=\"https:\/\/www.klasbachtaler.de\/wp\/wp-content\/uploads\/2023\/03\/2-150-scaled.jpg 2560w, https:\/\/www.klasbachtaler.de\/wp\/wp-content\/uploads\/2023\/03\/2-150-300x200.jpg 300w, https:\/\/www.klasbachtaler.de\/wp\/wp-content\/uploads\/2023\/03\/2-150-1024x683.jpg 1024w, https:\/\/www.klasbachtaler.de\/wp\/wp-content\/uploads\/2023\/03\/2-150-768x512.jpg 768w, https:\/\/www.klasbachtaler.de\/wp\/wp-content\/uploads\/2023\/03\/2-150-1536x1024.jpg 1536w, https:\/\/www.klasbachtaler.de\/wp\/wp-content\/uploads\/2023\/03\/2-150-2048x1365.jpg 2048w\" sizes=\"auto, (max-width: 2560px) 100vw, 2560px\" \/><figcaption class=\"wp-element-caption\">(c) Christina Stivali von turboturbo<\/figcaption><\/figure>\n\n\n\n<figure class=\"wp-block-image size-large is-style-default\"><img loading=\"lazy\" decoding=\"async\" width=\"2560\" height=\"1706\" data-id=\"1938\" src=\"https:\/\/www.klasbachtaler.de\/wp\/wp-content\/uploads\/2023\/03\/2-151-scaled.jpg\" alt=\"\" class=\"wp-image-1938\" srcset=\"https:\/\/www.klasbachtaler.de\/wp\/wp-content\/uploads\/2023\/03\/2-151-scaled.jpg 2560w, https:\/\/www.klasbachtaler.de\/wp\/wp-content\/uploads\/2023\/03\/2-151-300x200.jpg 300w, https:\/\/www.klasbachtaler.de\/wp\/wp-content\/uploads\/2023\/03\/2-151-1024x683.jpg 1024w, https:\/\/www.klasbachtaler.de\/wp\/wp-content\/uploads\/2023\/03\/2-151-768x512.jpg 768w, https:\/\/www.klasbachtaler.de\/wp\/wp-content\/uploads\/2023\/03\/2-151-1536x1024.jpg 1536w, https:\/\/www.klasbachtaler.de\/wp\/wp-content\/uploads\/2023\/03\/2-151-2048x1365.jpg 2048w\" sizes=\"auto, (max-width: 2560px) 100vw, 2560px\" \/><figcaption class=\"wp-element-caption\">(c) Christina Stivali von turboturbo<\/figcaption><\/figure>\n\n\n\n<figure class=\"wp-block-image size-large\"><img loading=\"lazy\" decoding=\"async\" width=\"2560\" height=\"1707\" data-id=\"1940\" src=\"https:\/\/www.klasbachtaler.de\/wp\/wp-content\/uploads\/2023\/03\/2-154-scaled.jpg\" alt=\"\" class=\"wp-image-1940\" srcset=\"https:\/\/www.klasbachtaler.de\/wp\/wp-content\/uploads\/2023\/03\/2-154-scaled.jpg 2560w, https:\/\/www.klasbachtaler.de\/wp\/wp-content\/uploads\/2023\/03\/2-154-300x200.jpg 300w, https:\/\/www.klasbachtaler.de\/wp\/wp-content\/uploads\/2023\/03\/2-154-1024x683.jpg 1024w, https:\/\/www.klasbachtaler.de\/wp\/wp-content\/uploads\/2023\/03\/2-154-768x512.jpg 768w, https:\/\/www.klasbachtaler.de\/wp\/wp-content\/uploads\/2023\/03\/2-154-1536x1024.jpg 1536w, https:\/\/www.klasbachtaler.de\/wp\/wp-content\/uploads\/2023\/03\/2-154-2048x1365.jpg 2048w\" sizes=\"auto, (max-width: 2560px) 100vw, 2560px\" \/><figcaption class=\"wp-element-caption\">(c) Christina Stivali von turboturbo<\/figcaption><\/figure>\n\n\n\n<figure class=\"wp-block-image size-large\"><img loading=\"lazy\" decoding=\"async\" width=\"2560\" height=\"1706\" data-id=\"1941\" src=\"https:\/\/www.klasbachtaler.de\/wp\/wp-content\/uploads\/2023\/03\/2-156-scaled.jpg\" alt=\"\" class=\"wp-image-1941\" srcset=\"https:\/\/www.klasbachtaler.de\/wp\/wp-content\/uploads\/2023\/03\/2-156-scaled.jpg 2560w, https:\/\/www.klasbachtaler.de\/wp\/wp-content\/uploads\/2023\/03\/2-156-300x200.jpg 300w, https:\/\/www.klasbachtaler.de\/wp\/wp-content\/uploads\/2023\/03\/2-156-1024x683.jpg 1024w, https:\/\/www.klasbachtaler.de\/wp\/wp-content\/uploads\/2023\/03\/2-156-768x512.jpg 768w, https:\/\/www.klasbachtaler.de\/wp\/wp-content\/uploads\/2023\/03\/2-156-1536x1024.jpg 1536w, https:\/\/www.klasbachtaler.de\/wp\/wp-content\/uploads\/2023\/03\/2-156-2048x1365.jpg 2048w\" sizes=\"auto, (max-width: 2560px) 100vw, 2560px\" \/><figcaption class=\"wp-element-caption\">(c) Christina Stivali von turboturbo<\/figcaption><\/figure>\n\n\n\n<figure class=\"wp-block-image size-large\"><img loading=\"lazy\" decoding=\"async\" width=\"2560\" height=\"1707\" data-id=\"1942\" src=\"https:\/\/www.klasbachtaler.de\/wp\/wp-content\/uploads\/2023\/03\/2-160-scaled.jpg\" alt=\"\" class=\"wp-image-1942\" srcset=\"https:\/\/www.klasbachtaler.de\/wp\/wp-content\/uploads\/2023\/03\/2-160-scaled.jpg 2560w, https:\/\/www.klasbachtaler.de\/wp\/wp-content\/uploads\/2023\/03\/2-160-300x200.jpg 300w, https:\/\/www.klasbachtaler.de\/wp\/wp-content\/uploads\/2023\/03\/2-160-1024x683.jpg 1024w, https:\/\/www.klasbachtaler.de\/wp\/wp-content\/uploads\/2023\/03\/2-160-768x512.jpg 768w, https:\/\/www.klasbachtaler.de\/wp\/wp-content\/uploads\/2023\/03\/2-160-1536x1024.jpg 1536w, https:\/\/www.klasbachtaler.de\/wp\/wp-content\/uploads\/2023\/03\/2-160-2048x1365.jpg 2048w\" sizes=\"auto, (max-width: 2560px) 100vw, 2560px\" \/><figcaption class=\"wp-element-caption\">(c) Christina Stivali von turboturbo<\/figcaption><\/figure>\n\n\n\n<figure class=\"wp-block-image size-large\"><img loading=\"lazy\" decoding=\"async\" width=\"2560\" height=\"1707\" data-id=\"1944\" src=\"https:\/\/www.klasbachtaler.de\/wp\/wp-content\/uploads\/2023\/03\/2-168-scaled.jpg\" alt=\"\" class=\"wp-image-1944\" srcset=\"https:\/\/www.klasbachtaler.de\/wp\/wp-content\/uploads\/2023\/03\/2-168-scaled.jpg 2560w, https:\/\/www.klasbachtaler.de\/wp\/wp-content\/uploads\/2023\/03\/2-168-300x200.jpg 300w, https:\/\/www.klasbachtaler.de\/wp\/wp-content\/uploads\/2023\/03\/2-168-1024x683.jpg 1024w, https:\/\/www.klasbachtaler.de\/wp\/wp-content\/uploads\/2023\/03\/2-168-768x512.jpg 768w, https:\/\/www.klasbachtaler.de\/wp\/wp-content\/uploads\/2023\/03\/2-168-1536x1024.jpg 1536w, https:\/\/www.klasbachtaler.de\/wp\/wp-content\/uploads\/2023\/03\/2-168-2048x1365.jpg 2048w\" sizes=\"auto, (max-width: 2560px) 100vw, 2560px\" \/><figcaption class=\"wp-element-caption\">(c) Christina Stivali von turboturbo<\/figcaption><\/figure>\n\n\n\n<figure class=\"wp-block-image size-large\"><img loading=\"lazy\" decoding=\"async\" width=\"2560\" height=\"1707\" data-id=\"1939\" src=\"https:\/\/www.klasbachtaler.de\/wp\/wp-content\/uploads\/2023\/03\/2-152-scaled.jpg\" alt=\"\" class=\"wp-image-1939\" srcset=\"https:\/\/www.klasbachtaler.de\/wp\/wp-content\/uploads\/2023\/03\/2-152-scaled.jpg 2560w, https:\/\/www.klasbachtaler.de\/wp\/wp-content\/uploads\/2023\/03\/2-152-300x200.jpg 300w, https:\/\/www.klasbachtaler.de\/wp\/wp-content\/uploads\/2023\/03\/2-152-1024x683.jpg 1024w, https:\/\/www.klasbachtaler.de\/wp\/wp-content\/uploads\/2023\/03\/2-152-768x512.jpg 768w, https:\/\/www.klasbachtaler.de\/wp\/wp-content\/uploads\/2023\/03\/2-152-1536x1024.jpg 1536w, https:\/\/www.klasbachtaler.de\/wp\/wp-content\/uploads\/2023\/03\/2-152-2048x1365.jpg 2048w\" sizes=\"auto, (max-width: 2560px) 100vw, 2560px\" \/><figcaption class=\"wp-element-caption\">(c) Christina Stivali von turboturbo<\/figcaption><\/figure>\n\n\n\n<figure class=\"wp-block-image size-large\"><img loading=\"lazy\" decoding=\"async\" width=\"2560\" height=\"1920\" data-id=\"1935\" src=\"https:\/\/www.klasbachtaler.de\/wp\/wp-content\/uploads\/2023\/03\/2-148-scaled.jpg\" alt=\"\" class=\"wp-image-1935\" srcset=\"https:\/\/www.klasbachtaler.de\/wp\/wp-content\/uploads\/2023\/03\/2-148-scaled.jpg 2560w, https:\/\/www.klasbachtaler.de\/wp\/wp-content\/uploads\/2023\/03\/2-148-300x225.jpg 300w, https:\/\/www.klasbachtaler.de\/wp\/wp-content\/uploads\/2023\/03\/2-148-1024x768.jpg 1024w, https:\/\/www.klasbachtaler.de\/wp\/wp-content\/uploads\/2023\/03\/2-148-768x576.jpg 768w, https:\/\/www.klasbachtaler.de\/wp\/wp-content\/uploads\/2023\/03\/2-148-1536x1152.jpg 1536w, https:\/\/www.klasbachtaler.de\/wp\/wp-content\/uploads\/2023\/03\/2-148-2048x1536.jpg 2048w\" sizes=\"auto, (max-width: 2560px) 100vw, 2560px\" \/><figcaption class=\"wp-element-caption\">(c) Christina Stivali von turboturbo<\/figcaption><\/figure>\n\n\n\n<figure class=\"wp-block-image size-large\"><img loading=\"lazy\" decoding=\"async\" width=\"2560\" height=\"1718\" data-id=\"1943\" src=\"https:\/\/www.klasbachtaler.de\/wp\/wp-content\/uploads\/2023\/03\/2-161-scaled.jpg\" alt=\"\" class=\"wp-image-1943\" srcset=\"https:\/\/www.klasbachtaler.de\/wp\/wp-content\/uploads\/2023\/03\/2-161-scaled.jpg 2560w, https:\/\/www.klasbachtaler.de\/wp\/wp-content\/uploads\/2023\/03\/2-161-300x201.jpg 300w, https:\/\/www.klasbachtaler.de\/wp\/wp-content\/uploads\/2023\/03\/2-161-1024x687.jpg 1024w, https:\/\/www.klasbachtaler.de\/wp\/wp-content\/uploads\/2023\/03\/2-161-768x515.jpg 768w, https:\/\/www.klasbachtaler.de\/wp\/wp-content\/uploads\/2023\/03\/2-161-1536x1031.jpg 1536w, https:\/\/www.klasbachtaler.de\/wp\/wp-content\/uploads\/2023\/03\/2-161-2048x1374.jpg 2048w\" sizes=\"auto, (max-width: 2560px) 100vw, 2560px\" \/><figcaption class=\"wp-element-caption\">(c) Christina Stivali von turboturbo<\/figcaption><\/figure>\n\n\n\n<figure class=\"wp-block-image size-large\"><img loading=\"lazy\" decoding=\"async\" width=\"2560\" height=\"1706\" data-id=\"1936\" src=\"https:\/\/www.klasbachtaler.de\/wp\/wp-content\/uploads\/2023\/03\/2-149-scaled.jpg\" alt=\"\" class=\"wp-image-1936\" srcset=\"https:\/\/www.klasbachtaler.de\/wp\/wp-content\/uploads\/2023\/03\/2-149-scaled.jpg 2560w, https:\/\/www.klasbachtaler.de\/wp\/wp-content\/uploads\/2023\/03\/2-149-300x200.jpg 300w, https:\/\/www.klasbachtaler.de\/wp\/wp-content\/uploads\/2023\/03\/2-149-1024x683.jpg 1024w, https:\/\/www.klasbachtaler.de\/wp\/wp-content\/uploads\/2023\/03\/2-149-768x512.jpg 768w, https:\/\/www.klasbachtaler.de\/wp\/wp-content\/uploads\/2023\/03\/2-149-1536x1024.jpg 1536w, https:\/\/www.klasbachtaler.de\/wp\/wp-content\/uploads\/2023\/03\/2-149-2048x1365.jpg 2048w\" sizes=\"auto, (max-width: 2560px) 100vw, 2560px\" \/><figcaption class=\"wp-element-caption\">(c) Christina Stivali von turboturbo<\/figcaption><\/figure>\n<\/figure>\n","protected":false},"excerpt":{"rendered":"<p class=\"excerpt\">Ein Orchester \u00fcber viele Generationen \u2013 das ist die \u201eKlasbachtaler Blasmusik e.V.\u201c aus Neukloster. Das Orchester blickt seit seiner Gr\u00fcndung im Jahr 1959 auf eine nunmehr \u00fcber 50j\u00e4hrige Tradition zur\u00fcck. Erkl\u00e4rtes Ziel des Vereins war und ist es, sich traditioneller Blasmusik zu widmen und sie zu pflegen. Dass hier Jung und Alt miteinander musizieren, macht dieses Orchester zu etwas ganz&hellip;<\/p>\n<p class=\"more-link-p\"><a class=\"btn btn-default\" href=\"https:\/\/www.klasbachtaler.de\/wp\/ueber-uns-2\/\">Read more<\/a><\/p>\n","protected":false},"author":1,"featured_media":0,"parent":0,"menu_order":0,"comment_status":"closed","ping_status":"closed","template":"","meta":{"footnotes":""},"class_list":["post-1384","page","type-page","status-publish","hentry"],"_links":{"self":[{"href":"https:\/\/www.klasbachtaler.de\/wp\/wp-json\/wp\/v2\/pages\/1384","targetHints":{"allow":["GET"]}}],"collection":[{"href":"https:\/\/www.klasbachtaler.de\/wp\/wp-json\/wp\/v2\/pages"}],"about":[{"href":"https:\/\/www.klasbachtaler.de\/wp\/wp-json\/wp\/v2\/types\/page"}],"author":[{"embeddable":true,"href":"https:\/\/www.klasbachtaler.de\/wp\/wp-json\/wp\/v2\/users\/1"}],"replies":[{"embeddable":true,"href":"https:\/\/www.klasbachtaler.de\/wp\/wp-json\/wp\/v2\/comments?post=1384"}],"version-history":[{"count":5,"href":"https:\/\/www.klasbachtaler.de\/wp\/wp-json\/wp\/v2\/pages\/1384\/revisions"}],"predecessor-version":[{"id":2142,"href":"https:\/\/www.klasbachtaler.de\/wp\/wp-json\/wp\/v2\/pages\/1384\/revisions\/2142"}],"wp:attachment":[{"href":"https:\/\/www.klasbachtaler.de\/wp\/wp-json\/wp\/v2\/media?parent=1384"}],"curies":[{"name":"wp","href":"https:\/\/api.w.org\/{rel}","templated":true}]}}