{"id":1556,"date":"2019-01-31T00:13:14","date_gmt":"2019-01-30T23:13:14","guid":{"rendered":"http:\/\/www.klasbachtaler.de\/wp\/?page_id=1556"},"modified":"2020-10-17T23:44:59","modified_gmt":"2020-10-17T21:44:59","slug":"vergangene-hoehepunkte","status":"publish","type":"page","link":"https:\/\/www.klasbachtaler.de\/wp\/aktuelles\/vergangene-hoehepunkte\/","title":{"rendered":"Vergangene H\u00f6hepunkte"},"content":{"rendered":"\n\n<!-- NOTE: If you need to make changes to this file, copy it to your current theme's main\n\tdirectory so your changes won't be overwritten when the plugin is upgraded. -->\n\n<!-- Post Wrap Start-->\n<div class=\"post hentry ivycat-post\">\n\n\t<!-- \tThis outputs the post TITLE -->\n\t<h2 class=\"entry-title\"><a href=\"https:\/\/www.klasbachtaler.de\/wp\/2-11-2025-klasbachtaler-musiksonntag\/\">2.11.2025 Klasbachtaler Musiksonntag<\/a><\/h2>\n\n\t<!-- \tThis outputs the post EXCERPT.  To display full content including images and html,\n\t\treplace the_excerpt(); with the_content();  below. -->\n\t<div class=\"entry-summary\">\n\t\t<p class=\"excerpt\">Bald ist es wieder soweit! Der Kartenvorverkauf startet am 14.10.2025. Das diesj\u00e4hrige Motto \u201eMit 66 Jahren&#8220; [da f\u00e4ngt das Leben an] \u2013 inspiriert durch den gleichnamigen Song von Udo J\u00fcrgens \u2013 nimmt nicht nur Bezug auf unser Schnapszahljubil\u00e4um, sondern thematisiert auch einen aufregenden Lebensabschnitt, der gepr\u00e4gt ist von neuen Chancen, Abenteuerlust und der Freude am Leben. Dieses Motto spiegelt nicht&hellip;<\/p>\n<p class=\"more-link-p\"><a class=\"btn btn-default\" href=\"https:\/\/www.klasbachtaler.de\/wp\/2-11-2025-klasbachtaler-musiksonntag\/\">Read more<\/a><\/p>\n\t<\/div>\n\n\t<!--\tThis outputs the post META information -->\n\t<div class=\"entry-utility\">\n\t\t\t\t\t<span class=\"cat-links\">\n\t\t\t\t<span class=\"entry-utility-prep entry-utility-prep-cat-links\">Posted in<\/span> <a href=\"https:\/\/www.klasbachtaler.de\/wp\/category\/vergangene-hoehepunkte\/\" rel=\"category tag\">Vergangene H\u00f6hepunkte<\/a>\t\t\t<\/span>\n\t\t\t<span class=\"meta-sep\">|<\/span>\n\t\t\t\t\t\t\t<span class=\"tag-links\">\n\t\t\t\t<span class=\"entry-utility-prep entry-utility-prep-tag-links\">Tagged<\/span> <a href=\"https:\/\/www.klasbachtaler.de\/wp\/tag\/blasmusik\/\" rel=\"tag\">Blasmusik<\/a>, <a href=\"https:\/\/www.klasbachtaler.de\/wp\/tag\/klasbachtaler-musiksonntag\/\" rel=\"tag\">Klasbachtaler Musiksonntag<\/a>, <a href=\"https:\/\/www.klasbachtaler.de\/wp\/tag\/konzert\/\" rel=\"tag\">Konzert<\/a>, <a href=\"https:\/\/www.klasbachtaler.de\/wp\/tag\/musiksonntag\/\" rel=\"tag\">Musiksonntag<\/a>\t\t\t<\/span>\n\t\t\t<span class=\"meta-sep\">|<\/span>\n\t\t\t\t<span class=\"comments-link\">\n\t\t\t<span>Kommentare deaktiviert<span class=\"screen-reader-text\"> f\u00fcr 2.11.2025 Klasbachtaler Musiksonntag<\/span><\/span>\t\t<\/span>\n\t\t\t<\/div>\n<\/div>\n<!-- \/\/ Post Wrap End -->\n\n<!-- NOTE: If you need to make changes to this file, copy it to your current theme's main\n\tdirectory so your changes won't be overwritten when the plugin is upgraded. -->\n\n<!-- Post Wrap Start-->\n<div class=\"post hentry ivycat-post\">\n\n\t<!-- \tThis outputs the post TITLE -->\n\t<h2 class=\"entry-title\"><a href=\"https:\/\/www.klasbachtaler.de\/wp\/das-blasmusikjahr-2025-hat-begonnen\/\">Das Blasmusikjahr 2025 hat begonnen&#8230;<\/a><\/h2>\n\n\t<!-- \tThis outputs the post EXCERPT.  To display full content including images and html,\n\t\treplace the_excerpt(); with the_content();  below. -->\n\t<div class=\"entry-summary\">\n\t\t<p class=\"excerpt\">Gestern ging es los &#8211; unser erster Auftritt in diesem Jahr wurde absolviert. Wir durften erneut f\u00fcr den Poeler Kirchenchor in der herrlich gem\u00fctlichen Gastst\u00e4tte &#8222;Zur Insel&#8220; in Kirchdorf auf der wundersch\u00f6nen Insel Poel aufspielen. Die Stimmung war grandios und das Essen hervorragend. Vielen Dank an den Chor f\u00fcr die Einladung und an das Team der Gastst\u00e4tte f\u00fcr die tolle&hellip;<\/p>\n<p class=\"more-link-p\"><a class=\"btn btn-default\" href=\"https:\/\/www.klasbachtaler.de\/wp\/das-blasmusikjahr-2025-hat-begonnen\/\">Read more<\/a><\/p>\n\t<\/div>\n\n\t<!--\tThis outputs the post META information -->\n\t<div class=\"entry-utility\">\n\t\t\t\t\t<span class=\"cat-links\">\n\t\t\t\t<span class=\"entry-utility-prep entry-utility-prep-cat-links\">Posted in<\/span> <a href=\"https:\/\/www.klasbachtaler.de\/wp\/category\/vergangene-hoehepunkte\/\" rel=\"category tag\">Vergangene H\u00f6hepunkte<\/a>\t\t\t<\/span>\n\t\t\t<span class=\"meta-sep\">|<\/span>\n\t\t\t\t\t\t\t<span class=\"tag-links\">\n\t\t\t\t<span class=\"entry-utility-prep entry-utility-prep-tag-links\">Tagged<\/span> <a href=\"https:\/\/www.klasbachtaler.de\/wp\/tag\/blasmusik\/\" rel=\"tag\">Blasmusik<\/a>, <a href=\"https:\/\/www.klasbachtaler.de\/wp\/tag\/chor\/\" rel=\"tag\">Chor<\/a>, <a href=\"https:\/\/www.klasbachtaler.de\/wp\/tag\/kirchdorf\/\" rel=\"tag\">Kirchdorf<\/a>, <a href=\"https:\/\/www.klasbachtaler.de\/wp\/tag\/klasbachtaler\/\" rel=\"tag\">Klasbachtaler<\/a>, <a href=\"https:\/\/www.klasbachtaler.de\/wp\/tag\/konzert\/\" rel=\"tag\">Konzert<\/a>, <a href=\"https:\/\/www.klasbachtaler.de\/wp\/tag\/poel\/\" rel=\"tag\">Poel<\/a>\t\t\t<\/span>\n\t\t\t<span class=\"meta-sep\">|<\/span>\n\t\t\t\t<span class=\"comments-link\">\n\t\t\t<span>Kommentare deaktiviert<span class=\"screen-reader-text\"> f\u00fcr Das Blasmusikjahr 2025 hat begonnen&#8230;<\/span><\/span>\t\t<\/span>\n\t\t\t<\/div>\n<\/div>\n<!-- \/\/ Post Wrap End -->\n\n<!-- NOTE: If you need to make changes to this file, copy it to your current theme's main\n\tdirectory so your changes won't be overwritten when the plugin is upgraded. -->\n\n<!-- Post Wrap Start-->\n<div class=\"post hentry ivycat-post\">\n\n\t<!-- \tThis outputs the post TITLE -->\n\t<h2 class=\"entry-title\"><a href=\"https:\/\/www.klasbachtaler.de\/wp\/sommer-sonne-blasmusik\/\">Sommer, Sonne, Blasmusik<\/a><\/h2>\n\n\t<!-- \tThis outputs the post EXCERPT.  To display full content including images and html,\n\t\treplace the_excerpt(); with the_content();  below. -->\n\t<div class=\"entry-summary\">\n\t\t<p class=\"excerpt\">Unterwegs 2024<\/p>\n<p class=\"more-link-p\"><a class=\"btn btn-default\" href=\"https:\/\/www.klasbachtaler.de\/wp\/sommer-sonne-blasmusik\/\">Read more<\/a><\/p>\n\t<\/div>\n\n\t<!--\tThis outputs the post META information -->\n\t<div class=\"entry-utility\">\n\t\t\t\t\t<span class=\"cat-links\">\n\t\t\t\t<span class=\"entry-utility-prep entry-utility-prep-cat-links\">Posted in<\/span> <a href=\"https:\/\/www.klasbachtaler.de\/wp\/category\/vergangene-hoehepunkte\/\" rel=\"category tag\">Vergangene H\u00f6hepunkte<\/a>\t\t\t<\/span>\n\t\t\t<span class=\"meta-sep\">|<\/span>\n\t\t\t\t\t\t\t<span class=\"tag-links\">\n\t\t\t\t<span class=\"entry-utility-prep entry-utility-prep-tag-links\">Tagged<\/span> <a href=\"https:\/\/www.klasbachtaler.de\/wp\/tag\/auftritt\/\" rel=\"tag\">Auftritt<\/a>\t\t\t<\/span>\n\t\t\t<span class=\"meta-sep\">|<\/span>\n\t\t\t\t<span class=\"comments-link\">\n\t\t\t<span>Kommentare deaktiviert<span class=\"screen-reader-text\"> f\u00fcr Sommer, Sonne, Blasmusik<\/span><\/span>\t\t<\/span>\n\t\t\t<\/div>\n<\/div>\n<!-- \/\/ Post Wrap End -->\n\n<!-- NOTE: If you need to make changes to this file, copy it to your current theme's main\n\tdirectory so your changes won't be overwritten when the plugin is upgraded. -->\n\n<!-- Post Wrap Start-->\n<div class=\"post hentry ivycat-post\">\n\n\t<!-- \tThis outputs the post TITLE -->\n\t<h2 class=\"entry-title\"><a href=\"https:\/\/www.klasbachtaler.de\/wp\/3-11-2024-klasbachtaler-musiksonntag\/\">3.11.2024 Klasbachtaler Musiksonntag<\/a><\/h2>\n\n\t<!-- \tThis outputs the post EXCERPT.  To display full content including images and html,\n\t\treplace the_excerpt(); with the_content();  below. -->\n\t<div class=\"entry-summary\">\n\t\t<p class=\"excerpt\">65 Jahre &#8211; so jung wie nie!<\/p>\n<p class=\"more-link-p\"><a class=\"btn btn-default\" href=\"https:\/\/www.klasbachtaler.de\/wp\/3-11-2024-klasbachtaler-musiksonntag\/\">Read more<\/a><\/p>\n\t<\/div>\n\n\t<!--\tThis outputs the post META information -->\n\t<div class=\"entry-utility\">\n\t\t\t\t\t<span class=\"cat-links\">\n\t\t\t\t<span class=\"entry-utility-prep entry-utility-prep-cat-links\">Posted in<\/span> <a href=\"https:\/\/www.klasbachtaler.de\/wp\/category\/vergangene-hoehepunkte\/\" rel=\"category tag\">Vergangene H\u00f6hepunkte<\/a>\t\t\t<\/span>\n\t\t\t<span class=\"meta-sep\">|<\/span>\n\t\t\t\t\t\t\t<span class=\"tag-links\">\n\t\t\t\t<span class=\"entry-utility-prep entry-utility-prep-tag-links\">Tagged<\/span> <a href=\"https:\/\/www.klasbachtaler.de\/wp\/tag\/auftritt\/\" rel=\"tag\">Auftritt<\/a>, <a href=\"https:\/\/www.klasbachtaler.de\/wp\/tag\/blasmusik\/\" rel=\"tag\">Blasmusik<\/a>, <a href=\"https:\/\/www.klasbachtaler.de\/wp\/tag\/jubilaeum\/\" rel=\"tag\">Jubil\u00e4um<\/a>, <a href=\"https:\/\/www.klasbachtaler.de\/wp\/tag\/klasbachtaler-musiksonntag\/\" rel=\"tag\">Klasbachtaler Musiksonntag<\/a>, <a href=\"https:\/\/www.klasbachtaler.de\/wp\/tag\/konzert\/\" rel=\"tag\">Konzert<\/a>, <a href=\"https:\/\/www.klasbachtaler.de\/wp\/tag\/musiksonntag\/\" rel=\"tag\">Musiksonntag<\/a>\t\t\t<\/span>\n\t\t\t<span class=\"meta-sep\">|<\/span>\n\t\t\t\t<span class=\"comments-link\">\n\t\t\t<span>Kommentare deaktiviert<span class=\"screen-reader-text\"> f\u00fcr 3.11.2024 Klasbachtaler Musiksonntag<\/span><\/span>\t\t<\/span>\n\t\t\t<\/div>\n<\/div>\n<!-- \/\/ Post Wrap End -->\n\n<!-- NOTE: If you need to make changes to this file, copy it to your current theme's main\n\tdirectory so your changes won't be overwritten when the plugin is upgraded. -->\n\n<!-- Post Wrap Start-->\n<div class=\"post hentry ivycat-post\">\n\n\t<!-- \tThis outputs the post TITLE -->\n\t<h2 class=\"entry-title\"><a href=\"https:\/\/www.klasbachtaler.de\/wp\/im-studio\/\">Im Studio<\/a><\/h2>\n\n\t<!-- \tThis outputs the post EXCERPT.  To display full content including images and html,\n\t\treplace the_excerpt(); with the_content();  below. -->\n\t<div class=\"entry-summary\">\n\t\t<p class=\"excerpt\">Eine professionelle Video-Produktion in einem der besten Studios Deutschlands!<\/p>\n<p class=\"more-link-p\"><a class=\"btn btn-default\" href=\"https:\/\/www.klasbachtaler.de\/wp\/im-studio\/\">Read more<\/a><\/p>\n\t<\/div>\n\n\t<!--\tThis outputs the post META information -->\n\t<div class=\"entry-utility\">\n\t\t\t\t\t<span class=\"cat-links\">\n\t\t\t\t<span class=\"entry-utility-prep entry-utility-prep-cat-links\">Posted in<\/span> <a href=\"https:\/\/www.klasbachtaler.de\/wp\/category\/allgemein\/\" rel=\"category tag\">Allgemein<\/a>, <a href=\"https:\/\/www.klasbachtaler.de\/wp\/category\/vergangene-hoehepunkte\/\" rel=\"category tag\">Vergangene H\u00f6hepunkte<\/a>\t\t\t<\/span>\n\t\t\t<span class=\"meta-sep\">|<\/span>\n\t\t\t\t\t\t\t<span class=\"tag-links\">\n\t\t\t\t<span class=\"entry-utility-prep entry-utility-prep-tag-links\">Tagged<\/span> <a href=\"https:\/\/www.klasbachtaler.de\/wp\/tag\/studio\/\" rel=\"tag\">Studio<\/a>\t\t\t<\/span>\n\t\t\t<span class=\"meta-sep\">|<\/span>\n\t\t\t\t<span class=\"comments-link\">\n\t\t\t<span>Kommentare deaktiviert<span class=\"screen-reader-text\"> f\u00fcr Im Studio<\/span><\/span>\t\t<\/span>\n\t\t\t<\/div>\n<\/div>\n<!-- \/\/ Post Wrap End -->\n\n<!-- NOTE: If you need to make changes to this file, copy it to your current theme's main\n\tdirectory so your changes won't be overwritten when the plugin is upgraded. -->\n\n<!-- Post Wrap Start-->\n<div class=\"post hentry ivycat-post\">\n\n\t<!-- \tThis outputs the post TITLE -->\n\t<h2 class=\"entry-title\"><a href=\"https:\/\/www.klasbachtaler.de\/wp\/10-klasbachtaler-musiksonntag\/\">10. Klasbachtaler Musiksonntag am 5.11.2023<\/a><\/h2>\n\n\t<!-- \tThis outputs the post EXCERPT.  To display full content including images and html,\n\t\treplace the_excerpt(); with the_content();  below. -->\n\t<div class=\"entry-summary\">\n\t\t<p class=\"excerpt\">&#8222;Rund um die Welt&#8220; &#8211; so das Motto der Jubil\u00e4umsausgabe unseres beliebten Jahreskonzertes in der Stadthalle Neukloster. \u00dcber 200 Zuschauer verbrachten einen sch\u00f6nen Nachmittag mit toller Musik, Tanz sowie Speis und Trank.<\/p>\n<p class=\"more-link-p\"><a class=\"btn btn-default\" href=\"https:\/\/www.klasbachtaler.de\/wp\/10-klasbachtaler-musiksonntag\/\">Read more<\/a><\/p>\n\t<\/div>\n\n\t<!--\tThis outputs the post META information -->\n\t<div class=\"entry-utility\">\n\t\t\t\t\t<span class=\"cat-links\">\n\t\t\t\t<span class=\"entry-utility-prep entry-utility-prep-cat-links\">Posted in<\/span> <a href=\"https:\/\/www.klasbachtaler.de\/wp\/category\/vergangene-hoehepunkte\/\" rel=\"category tag\">Vergangene H\u00f6hepunkte<\/a>\t\t\t<\/span>\n\t\t\t<span class=\"meta-sep\">|<\/span>\n\t\t\t\t\t\t\t<span class=\"tag-links\">\n\t\t\t\t<span class=\"entry-utility-prep entry-utility-prep-tag-links\">Tagged<\/span> <a href=\"https:\/\/www.klasbachtaler.de\/wp\/tag\/blasmusik\/\" rel=\"tag\">Blasmusik<\/a>, <a href=\"https:\/\/www.klasbachtaler.de\/wp\/tag\/klasbachtaler-musiksonntag\/\" rel=\"tag\">Klasbachtaler Musiksonntag<\/a>, <a href=\"https:\/\/www.klasbachtaler.de\/wp\/tag\/konzert\/\" rel=\"tag\">Konzert<\/a>, <a href=\"https:\/\/www.klasbachtaler.de\/wp\/tag\/musiksonntag\/\" rel=\"tag\">Musiksonntag<\/a>\t\t\t<\/span>\n\t\t\t<span class=\"meta-sep\">|<\/span>\n\t\t\t\t<span class=\"comments-link\">\n\t\t\t<span>Kommentare deaktiviert<span class=\"screen-reader-text\"> f\u00fcr 10. Klasbachtaler Musiksonntag am 5.11.2023<\/span><\/span>\t\t<\/span>\n\t\t\t<\/div>\n<\/div>\n<!-- \/\/ Post Wrap End -->\n\n<!-- NOTE: If you need to make changes to this file, copy it to your current theme's main\n\tdirectory so your changes won't be overwritten when the plugin is upgraded. -->\n\n<!-- Post Wrap Start-->\n<div class=\"post hentry ivycat-post\">\n\n\t<!-- \tThis outputs the post TITLE -->\n\t<h2 class=\"entry-title\"><a href=\"https:\/\/www.klasbachtaler.de\/wp\/erntedank-und-oktoberfeste-2023\/\">Erntedank und Oktoberfeste 2023<\/a><\/h2>\n\n\t<!-- \tThis outputs the post EXCERPT.  To display full content including images and html,\n\t\treplace the_excerpt(); with the_content();  below. -->\n\t<div class=\"entry-summary\">\n\t\t<p class=\"excerpt\">Es ist wieder soweit: auch in Mecklenburg wird kr\u00e4ftig gefeiert &#8211; sei es beim traditionellen Erntedank oder auf einem z\u00fcnftigen Oktoberfest. Und was darf da nat\u00fcrlich nicht fehlen??? Na klar: Blasmusik!<\/p>\n<p class=\"more-link-p\"><a class=\"btn btn-default\" href=\"https:\/\/www.klasbachtaler.de\/wp\/erntedank-und-oktoberfeste-2023\/\">Read more<\/a><\/p>\n\t<\/div>\n\n\t<!--\tThis outputs the post META information -->\n\t<div class=\"entry-utility\">\n\t\t\t\t\t<span class=\"cat-links\">\n\t\t\t\t<span class=\"entry-utility-prep entry-utility-prep-cat-links\">Posted in<\/span> <a href=\"https:\/\/www.klasbachtaler.de\/wp\/category\/allgemein\/\" rel=\"category tag\">Allgemein<\/a>, <a href=\"https:\/\/www.klasbachtaler.de\/wp\/category\/vergangene-hoehepunkte\/\" rel=\"category tag\">Vergangene H\u00f6hepunkte<\/a>\t\t\t<\/span>\n\t\t\t<span class=\"meta-sep\">|<\/span>\n\t\t\t\t\t\t\t<span class=\"tag-links\">\n\t\t\t\t<span class=\"entry-utility-prep entry-utility-prep-tag-links\">Tagged<\/span> <a href=\"https:\/\/www.klasbachtaler.de\/wp\/tag\/auftritt\/\" rel=\"tag\">Auftritt<\/a>, <a href=\"https:\/\/www.klasbachtaler.de\/wp\/tag\/blasmusik\/\" rel=\"tag\">Blasmusik<\/a>, <a href=\"https:\/\/www.klasbachtaler.de\/wp\/tag\/blocktober\/\" rel=\"tag\">Blocktober<\/a>, <a href=\"https:\/\/www.klasbachtaler.de\/wp\/tag\/oktoberfest\/\" rel=\"tag\">Oktoberfest<\/a>\t\t\t<\/span>\n\t\t\t<span class=\"meta-sep\">|<\/span>\n\t\t\t\t<span class=\"comments-link\">\n\t\t\t<span>Kommentare deaktiviert<span class=\"screen-reader-text\"> f\u00fcr Erntedank und Oktoberfeste 2023<\/span><\/span>\t\t<\/span>\n\t\t\t<\/div>\n<\/div>\n<!-- \/\/ Post Wrap End -->\n\n<!-- NOTE: If you need to make changes to this file, copy it to your current theme's main\n\tdirectory so your changes won't be overwritten when the plugin is upgraded. -->\n\n<!-- Post Wrap Start-->\n<div class=\"post hentry ivycat-post\">\n\n\t<!-- \tThis outputs the post TITLE -->\n\t<h2 class=\"entry-title\"><a href=\"https:\/\/www.klasbachtaler.de\/wp\/7-mai-2023-775-jahre-sternberg\/\">7. Mai 2023 &#8211; 775 Jahre Sternberg<\/a><\/h2>\n\n\t<!-- \tThis outputs the post EXCERPT.  To display full content including images and html,\n\t\treplace the_excerpt(); with the_content();  below. -->\n\t<div class=\"entry-summary\">\n\t\t<p class=\"excerpt\">Heute waren wir im wundersch\u00f6nen Sternberg zu Gast. Bei traumhaften Fr\u00fchlingswetter und toller Stimmung starten wir in die Konzertsaison 2023!<\/p>\n<p class=\"more-link-p\"><a class=\"btn btn-default\" href=\"https:\/\/www.klasbachtaler.de\/wp\/7-mai-2023-775-jahre-sternberg\/\">Read more<\/a><\/p>\n\t<\/div>\n\n\t<!--\tThis outputs the post META information -->\n\t<div class=\"entry-utility\">\n\t\t\t\t\t<span class=\"cat-links\">\n\t\t\t\t<span class=\"entry-utility-prep entry-utility-prep-cat-links\">Posted in<\/span> <a href=\"https:\/\/www.klasbachtaler.de\/wp\/category\/vergangene-hoehepunkte\/\" rel=\"category tag\">Vergangene H\u00f6hepunkte<\/a>\t\t\t<\/span>\n\t\t\t<span class=\"meta-sep\">|<\/span>\n\t\t\t\t\t\t\t<span class=\"tag-links\">\n\t\t\t\t<span class=\"entry-utility-prep entry-utility-prep-tag-links\">Tagged<\/span> <a href=\"https:\/\/www.klasbachtaler.de\/wp\/tag\/auftritt\/\" rel=\"tag\">Auftritt<\/a>, <a href=\"https:\/\/www.klasbachtaler.de\/wp\/tag\/gastspiel\/\" rel=\"tag\">Gastspiel<\/a>, <a href=\"https:\/\/www.klasbachtaler.de\/wp\/tag\/konzert\/\" rel=\"tag\">Konzert<\/a>\t\t\t<\/span>\n\t\t\t<span class=\"meta-sep\">|<\/span>\n\t\t\t\t<span class=\"comments-link\">\n\t\t\t<span>Kommentare deaktiviert<span class=\"screen-reader-text\"> f\u00fcr 7. Mai 2023 &#8211; 775 Jahre Sternberg<\/span><\/span>\t\t<\/span>\n\t\t\t<\/div>\n<\/div>\n<!-- \/\/ Post Wrap End -->\n\n<!-- NOTE: If you need to make changes to this file, copy it to your current theme's main\n\tdirectory so your changes won't be overwritten when the plugin is upgraded. -->\n\n<!-- Post Wrap Start-->\n<div class=\"post hentry ivycat-post\">\n\n\t<!-- \tThis outputs the post TITLE -->\n\t<h2 class=\"entry-title\"><a href=\"https:\/\/www.klasbachtaler.de\/wp\/23-10-oktoberfest-in-nakensdorf\/\">23.10. Oktoberfest in Nakensdorf<\/a><\/h2>\n\n\t<!-- \tThis outputs the post EXCERPT.  To display full content including images and html,\n\t\treplace the_excerpt(); with the_content();  below. -->\n\t<div class=\"entry-summary\">\n\t\t<p class=\"excerpt\">In der Handicap Pension in Nakensdorf am wundersch\u00f6nen Neuklostersee gibt es einen vortrefflichen Gastgeber: unseren lieben Hubert. Ein waschechter Bayer, der nur zu gerne selbst zubereitete Hax&#8217;n und andere Leckereien serviert. Wenn dazu noch unsere Blasmusik erklingt, steht einem z\u00fcnftigen Oktoberfest nichts mehr im Weg. Hier kann man die Seele baumeln lassen und einen entspannten Sonntag mit der ganzen Familie&hellip;<\/p>\n<p class=\"more-link-p\"><a class=\"btn btn-default\" href=\"https:\/\/www.klasbachtaler.de\/wp\/23-10-oktoberfest-in-nakensdorf\/\">Read more<\/a><\/p>\n\t<\/div>\n\n\t<!--\tThis outputs the post META information -->\n\t<div class=\"entry-utility\">\n\t\t\t\t\t<span class=\"cat-links\">\n\t\t\t\t<span class=\"entry-utility-prep entry-utility-prep-cat-links\">Posted in<\/span> <a href=\"https:\/\/www.klasbachtaler.de\/wp\/category\/vergangene-hoehepunkte\/\" rel=\"category tag\">Vergangene H\u00f6hepunkte<\/a>\t\t\t<\/span>\n\t\t\t<span class=\"meta-sep\">|<\/span>\n\t\t\t\t\t\t\t<span class=\"tag-links\">\n\t\t\t\t<span class=\"entry-utility-prep entry-utility-prep-tag-links\">Tagged<\/span> <a href=\"https:\/\/www.klasbachtaler.de\/wp\/tag\/blasmusik\/\" rel=\"tag\">Blasmusik<\/a>, <a href=\"https:\/\/www.klasbachtaler.de\/wp\/tag\/konzert\/\" rel=\"tag\">Konzert<\/a>, <a href=\"https:\/\/www.klasbachtaler.de\/wp\/tag\/oktoberfest\/\" rel=\"tag\">Oktoberfest<\/a>\t\t\t<\/span>\n\t\t\t<span class=\"meta-sep\">|<\/span>\n\t\t\t\t<span class=\"comments-link\">\n\t\t\t<span>Kommentare deaktiviert<span class=\"screen-reader-text\"> f\u00fcr 23.10. Oktoberfest in Nakensdorf<\/span><\/span>\t\t<\/span>\n\t\t\t<\/div>\n<\/div>\n<!-- \/\/ Post Wrap End -->\n\n<!-- NOTE: If you need to make changes to this file, copy it to your current theme's main\n\tdirectory so your changes won't be overwritten when the plugin is upgraded. -->\n\n<!-- Post Wrap Start-->\n<div class=\"post hentry ivycat-post\">\n\n\t<!-- \tThis outputs the post TITLE -->\n\t<h2 class=\"entry-title\"><a href=\"https:\/\/www.klasbachtaler.de\/wp\/blocktoberfest-am-01-10-2022\/\">Blocktoberfest am 01.10.2022<\/a><\/h2>\n\n\t<!-- \tThis outputs the post EXCERPT.  To display full content including images and html,\n\t\treplace the_excerpt(); with the_content();  below. -->\n\t<div class=\"entry-summary\">\n\t\t<p class=\"excerpt\">Am 01.10.2022 sind wir zu Gast beim Blocktoberfest beim Block 17 in Wismar. Kommt vorbei und lasst es mit uns krachen&#8230; \ud83d\ude09<\/p>\n<p class=\"more-link-p\"><a class=\"btn btn-default\" href=\"https:\/\/www.klasbachtaler.de\/wp\/blocktoberfest-am-01-10-2022\/\">Read more<\/a><\/p>\n\t<\/div>\n\n\t<!--\tThis outputs the post META information -->\n\t<div class=\"entry-utility\">\n\t\t\t\t\t<span class=\"cat-links\">\n\t\t\t\t<span class=\"entry-utility-prep entry-utility-prep-cat-links\">Posted in<\/span> <a href=\"https:\/\/www.klasbachtaler.de\/wp\/category\/vergangene-hoehepunkte\/\" rel=\"category tag\">Vergangene H\u00f6hepunkte<\/a>\t\t\t<\/span>\n\t\t\t<span class=\"meta-sep\">|<\/span>\n\t\t\t\t\t\t\t<span class=\"tag-links\">\n\t\t\t\t<span class=\"entry-utility-prep entry-utility-prep-tag-links\">Tagged<\/span> <a href=\"https:\/\/www.klasbachtaler.de\/wp\/tag\/blasmusik\/\" rel=\"tag\">Blasmusik<\/a>, <a href=\"https:\/\/www.klasbachtaler.de\/wp\/tag\/block-17\/\" rel=\"tag\">Block 17<\/a>, <a href=\"https:\/\/www.klasbachtaler.de\/wp\/tag\/blocktober\/\" rel=\"tag\">Blocktober<\/a>, <a href=\"https:\/\/www.klasbachtaler.de\/wp\/tag\/oktoberfest\/\" rel=\"tag\">Oktoberfest<\/a>\t\t\t<\/span>\n\t\t\t<span class=\"meta-sep\">|<\/span>\n\t\t\t\t<span class=\"comments-link\">\n\t\t\t<span>Kommentare deaktiviert<span class=\"screen-reader-text\"> f\u00fcr Blocktoberfest am 01.10.2022<\/span><\/span>\t\t<\/span>\n\t\t\t<\/div>\n<\/div>\n<!-- \/\/ Post Wrap End -->\n\n","protected":false},"excerpt":{"rendered":"<p class=\"excerpt\">\n<p class=\"more-link-p\"><a class=\"btn btn-default\" href=\"https:\/\/www.klasbachtaler.de\/wp\/blocktoberfest-am-01-10-2022\/\">Read more<\/a><\/p>\n","protected":false},"author":3,"featured_media":1366,"parent":1474,"menu_order":0,"comment_status":"closed","ping_status":"closed","template":"","meta":{"footnotes":""},"class_list":["post-1556","page","type-page","status-publish","has-post-thumbnail","hentry"],"_links":{"self":[{"href":"https:\/\/www.klasbachtaler.de\/wp\/wp-json\/wp\/v2\/pages\/1556","targetHints":{"allow":["GET"]}}],"collection":[{"href":"https:\/\/www.klasbachtaler.de\/wp\/wp-json\/wp\/v2\/pages"}],"about":[{"href":"https:\/\/www.klasbachtaler.de\/wp\/wp-json\/wp\/v2\/types\/page"}],"author":[{"embeddable":true,"href":"https:\/\/www.klasbachtaler.de\/wp\/wp-json\/wp\/v2\/users\/3"}],"replies":[{"embeddable":true,"href":"https:\/\/www.klasbachtaler.de\/wp\/wp-json\/wp\/v2\/comments?post=1556"}],"version-history":[{"count":3,"href":"https:\/\/www.klasbachtaler.de\/wp\/wp-json\/wp\/v2\/pages\/1556\/revisions"}],"predecessor-version":[{"id":1712,"href":"https:\/\/www.klasbachtaler.de\/wp\/wp-json\/wp\/v2\/pages\/1556\/revisions\/1712"}],"up":[{"embeddable":true,"href":"https:\/\/www.klasbachtaler.de\/wp\/wp-json\/wp\/v2\/pages\/1474"}],"wp:featuredmedia":[{"embeddable":true,"href":"https:\/\/www.klasbachtaler.de\/wp\/wp-json\/wp\/v2\/media\/1366"}],"wp:attachment":[{"href":"https:\/\/www.klasbachtaler.de\/wp\/wp-json\/wp\/v2\/media?parent=1556"}],"curies":[{"name":"wp","href":"https:\/\/api.w.org\/{rel}","templated":true}]}}